{"id":744,"date":"2022-12-05T14:19:18","date_gmt":"2022-12-05T14:19:18","guid":{"rendered":"https:\/\/dev.coformon.fr\/ariac\/?page_id=744"},"modified":"2023-07-07T08:03:02","modified_gmt":"2023-07-07T08:03:02","slug":"cae","status":"publish","type":"page","link":"https:\/\/dev.coformon.fr\/ariac\/cae\/","title":{"rendered":"La CAE"},"content":{"rendered":"\t\t<div data-elementor-type=\"wp-post\" data-elementor-id=\"744\" class=\"elementor elementor-744\" data-elementor-post-type=\"page\">\n\t\t\t\t\t\t\t\t\t<section class=\"elementor-section elementor-top-section elementor-element elementor-element-4da180e elementor-section-height-min-height elementor-hidden-desktop elementor-hidden-tablet elementor-hidden-mobile elementor-section-boxed elementor-section-height-default elementor-section-items-middle\" data-id=\"4da180e\" data-element_type=\"section\" data-settings=\"{&quot;background_background&quot;:&quot;classic&quot;}\">\n\t\t\t\t\t\t<div class=\"elementor-container elementor-column-gap-default\">\n\t\t\t\t\t<div class=\"elementor-column elementor-col-100 elementor-top-column elementor-element elementor-element-376351bb\" data-id=\"376351bb\" data-element_type=\"column\">\n\t\t\t<div class=\"elementor-widget-wrap elementor-element-populated\">\n\t\t\t\t\t\t\t\t<div class=\"elementor-element elementor-element-787b53c5 elementor-widget elementor-widget-heading\" data-id=\"787b53c5\" data-element_type=\"widget\" data-widget_type=\"heading.default\">\n\t\t\t\t<div class=\"elementor-widget-container\">\n\t\t\t<h1 class=\"elementor-heading-title elementor-size-default\">La CAE<\/h1>\t\t<\/div>\n\t\t\t\t<\/div>\n\t\t\t\t\t<\/div>\n\t\t<\/div>\n\t\t\t\t\t\t\t<\/div>\n\t\t<\/section>\n\t\t\t\t<section class=\"elementor-section elementor-top-section elementor-element elementor-element-1c5daba elementor-section-boxed elementor-section-height-default elementor-section-height-default\" data-id=\"1c5daba\" data-element_type=\"section\" data-settings=\"{&quot;background_background&quot;:&quot;gradient&quot;}\">\n\t\t\t\t\t\t<div class=\"elementor-container elementor-column-gap-default\">\n\t\t\t\t\t<div class=\"elementor-column elementor-col-100 elementor-top-column elementor-element elementor-element-fddb4a5\" data-id=\"fddb4a5\" data-element_type=\"column\">\n\t\t\t<div class=\"elementor-widget-wrap elementor-element-populated\">\n\t\t\t\t\t\t\t\t<div class=\"elementor-element elementor-element-28efa09 elementor-widget elementor-widget-heading\" data-id=\"28efa09\" data-element_type=\"widget\" data-widget_type=\"heading.default\">\n\t\t\t\t<div class=\"elementor-widget-container\">\n\t\t\t<h2 class=\"elementor-heading-title elementor-size-default\">Coop\u00e9rative d'Activit\u00e9 et d'Emploi<\/h2>\t\t<\/div>\n\t\t\t\t<\/div>\n\t\t\t\t<div class=\"elementor-element elementor-element-a23bcbe elementor-widget elementor-widget-text-editor\" data-id=\"a23bcbe\" data-element_type=\"widget\" data-widget_type=\"text-editor.default\">\n\t\t\t\t<div class=\"elementor-widget-container\">\n\t\t\t\t\t\t\t<p>ARIAC est une soci\u00e9t\u00e9 coop\u00e9rative d\u2019entrepreneurs, qui offre \u00e0 des porteurs de projet le statut d\u2019entrepreneur-salari\u00e9 souhaitant se d\u00e9velopper et p\u00e9renniser leur activit\u00e9 dans un cadre \u00e0 la fois plus s\u00e9curisant et plus propice \u00e0 l\u2019initiative \u00e9conomique. <br><\/p>\n<p>Le <b>statut commercial <\/b>lui permet de facturer toutes prestations et ventes. Le <b>statut coop\u00e9ratif <\/b>lui permet d\u2019offrir la protection salariale et de garantir transparence et d\u00e9ontologie dans la distribution des b\u00e9n\u00e9fices.<\/p>\t\t\t\t\t\t<\/div>\n\t\t\t\t<\/div>\n\t\t\t\t\t<\/div>\n\t\t<\/div>\n\t\t\t\t\t\t\t<\/div>\n\t\t<\/section>\n\t\t\t\t<section class=\"elementor-section elementor-top-section elementor-element elementor-element-c77ecb4 elementor-section-content-middle elementor-section-boxed elementor-section-height-default elementor-section-height-default\" data-id=\"c77ecb4\" data-element_type=\"section\">\n\t\t\t\t\t\t<div class=\"elementor-container elementor-column-gap-default\">\n\t\t\t\t\t<div class=\"elementor-column elementor-col-100 elementor-top-column elementor-element elementor-element-1394875\" data-id=\"1394875\" data-element_type=\"column\">\n\t\t\t<div class=\"elementor-widget-wrap elementor-element-populated\">\n\t\t\t\t\t\t\t\t<div class=\"elementor-element elementor-element-6b330dc elementor-widget elementor-widget-heading\" data-id=\"6b330dc\" data-element_type=\"widget\" data-widget_type=\"heading.default\">\n\t\t\t\t<div class=\"elementor-widget-container\">\n\t\t\t<h2 class=\"elementor-heading-title elementor-size-default\">Celles et ceux qui rejoignent ARIAC y trouvent \u00e0 la fois :<\/h2>\t\t<\/div>\n\t\t\t\t<\/div>\n\t\t\t\t\t<\/div>\n\t\t<\/div>\n\t\t\t\t\t\t\t<\/div>\n\t\t<\/section>\n\t\t\t\t<section class=\"elementor-section elementor-top-section elementor-element elementor-element-36bd603f elementor-section-boxed elementor-section-height-default elementor-section-height-default\" data-id=\"36bd603f\" data-element_type=\"section\">\n\t\t\t\t\t\t<div class=\"elementor-container elementor-column-gap-default\">\n\t\t\t\t\t<div class=\"elementor-column elementor-col-50 elementor-top-column elementor-element elementor-element-a99120b\" data-id=\"a99120b\" data-element_type=\"column\" data-settings=\"{&quot;background_background&quot;:&quot;classic&quot;}\">\n\t\t\t<div class=\"elementor-widget-wrap elementor-element-populated\">\n\t\t\t\t\t\t\t\t<div class=\"elementor-element elementor-element-312fdbf1 elementor-widget elementor-widget-heading\" data-id=\"312fdbf1\" data-element_type=\"widget\" data-widget_type=\"heading.default\">\n\t\t\t\t<div class=\"elementor-widget-container\">\n\t\t\t<h2 class=\"elementor-heading-title elementor-size-default\">L'entrepreneuriat<\/h2>\t\t<\/div>\n\t\t\t\t<\/div>\n\t\t\t\t<div class=\"elementor-element elementor-element-5fbacc9c elementor-widget elementor-widget-text-editor\" data-id=\"5fbacc9c\" data-element_type=\"widget\" data-widget_type=\"text-editor.default\">\n\t\t\t\t<div class=\"elementor-widget-container\">\n\t\t\t\t\t\t\t<p>La possibilit\u00e9 d\u2019entreprendre une activit\u00e9 \u00e9conomique, soit pour la tester, soit pour la consolider sans franchir le pas de l\u2019immatriculation.<\/p><p>Les entrepreneurs exercent quotidiennement tous les actes d\u2019une entreprise : d\u00e9finition de leur offre commerciale et de leur strat\u00e9gie, recherche de clients, \u00e9tablissement de devis et facturation, ils sont rembours\u00e9s de leurs frais et b\u00e9n\u00e9ficient d\u2019une r\u00e9mun\u00e9ration sur la base de leur rentabilit\u00e9.<\/p>\t\t\t\t\t\t<\/div>\n\t\t\t\t<\/div>\n\t\t\t\t\t<\/div>\n\t\t<\/div>\n\t\t\t\t<div class=\"elementor-column elementor-col-50 elementor-top-column elementor-element elementor-element-7f1c7f02\" data-id=\"7f1c7f02\" data-element_type=\"column\" data-settings=\"{&quot;background_background&quot;:&quot;classic&quot;}\">\n\t\t\t<div class=\"elementor-widget-wrap elementor-element-populated\">\n\t\t\t\t\t\t\t\t<div class=\"elementor-element elementor-element-1a410512 elementor-widget elementor-widget-heading\" data-id=\"1a410512\" data-element_type=\"widget\" data-widget_type=\"heading.default\">\n\t\t\t\t<div class=\"elementor-widget-container\">\n\t\t\t<h3 class=\"elementor-heading-title elementor-size-default\">Le salariat<\/h3>\t\t<\/div>\n\t\t\t\t<\/div>\n\t\t\t\t<div class=\"elementor-element elementor-element-3dce36b9 elementor-widget elementor-widget-text-editor\" data-id=\"3dce36b9\" data-element_type=\"widget\" data-widget_type=\"text-editor.default\">\n\t\t\t\t<div class=\"elementor-widget-container\">\n\t\t\t\t\t\t\t<p>Ils b\u00e9n\u00e9ficient en m\u00eame temps de la protection salariale, de la s\u00e9curisation de leur comptabilit\u00e9, d\u2019un encadrement et d\u2019une formation \u00e0 la gestion et au commercial, de l\u2019assurance de n\u2019acquitter des cotisations que sur la base de leur r\u00e9mun\u00e9ration sans avance ni forfait, et de l\u2019int\u00e9gration dans un r\u00e9seau d\u2019Entrepreneurs-Salari\u00e9s ( leurs coll\u00e8gues ) leur permettant de rompre un isolement, d\u2019y trouver informations, occasions de commercer en interne, \u00e9changes, facturations en commun et m\u00eame mises en commun de projets.<\/p><p>\u00a0<\/p>\t\t\t\t\t\t<\/div>\n\t\t\t\t<\/div>\n\t\t\t\t\t<\/div>\n\t\t<\/div>\n\t\t\t\t\t\t\t<\/div>\n\t\t<\/section>\n\t\t\t\t<section class=\"elementor-section elementor-top-section elementor-element elementor-element-bc591c8 elementor-section-full_width elementor-section-height-min-height elementor-section-height-default elementor-section-items-middle\" data-id=\"bc591c8\" data-element_type=\"section\" data-settings=\"{&quot;background_background&quot;:&quot;classic&quot;}\">\n\t\t\t\t\t\t<div class=\"elementor-container elementor-column-gap-default\">\n\t\t\t\t\t<div class=\"elementor-column elementor-col-100 elementor-top-column elementor-element elementor-element-def0936\" data-id=\"def0936\" data-element_type=\"column\">\n\t\t\t<div class=\"elementor-widget-wrap elementor-element-populated\">\n\t\t\t\t\t\t\t\t<div class=\"elementor-element elementor-element-be2167b elementor-widget elementor-widget-heading\" data-id=\"be2167b\" data-element_type=\"widget\" data-widget_type=\"heading.default\">\n\t\t\t\t<div class=\"elementor-widget-container\">\n\t\t\t<h2 class=\"elementor-heading-title elementor-size-default\">\u00c9quipe permanente<\/h2>\t\t<\/div>\n\t\t\t\t<\/div>\n\t\t\t\t\t<\/div>\n\t\t<\/div>\n\t\t\t\t\t\t\t<\/div>\n\t\t<\/section>\n\t\t\t\t<section class=\"elementor-section elementor-top-section elementor-element elementor-element-b92b52f elementor-section-boxed elementor-section-height-default elementor-section-height-default\" data-id=\"b92b52f\" data-element_type=\"section\">\n\t\t\t\t\t\t<div class=\"elementor-container elementor-column-gap-default\">\n\t\t\t\t\t<div class=\"elementor-column elementor-col-100 elementor-top-column elementor-element elementor-element-9151b40\" data-id=\"9151b40\" data-element_type=\"column\" data-settings=\"{&quot;background_background&quot;:&quot;classic&quot;}\">\n\t\t\t<div class=\"elementor-widget-wrap elementor-element-populated\">\n\t\t\t\t\t\t\t\t<section class=\"elementor-section elementor-inner-section elementor-element elementor-element-bf75d91 elementor-section-boxed elementor-section-height-default elementor-section-height-default\" data-id=\"bf75d91\" data-element_type=\"section\">\n\t\t\t\t\t\t<div class=\"elementor-container elementor-column-gap-default\">\n\t\t\t\t\t<div class=\"elementor-column elementor-col-20 elementor-inner-column elementor-element elementor-element-19e99e7\" data-id=\"19e99e7\" data-element_type=\"column\">\n\t\t\t<div class=\"elementor-widget-wrap elementor-element-populated\">\n\t\t\t\t\t\t\t\t<div class=\"elementor-element elementor-element-ced90ed elementor-position-top elementor-vertical-align-top elementor-widget elementor-widget-image-box\" data-id=\"ced90ed\" data-element_type=\"widget\" data-widget_type=\"image-box.default\">\n\t\t\t\t<div class=\"elementor-widget-container\">\n\t\t\t<div class=\"elementor-image-box-wrapper\"><figure class=\"elementor-image-box-img\"><a href=\"#elementor-action%3Aaction%3Dpopup%3Aopen%26settings%3DeyJpZCI6IjU3OCIsInRvZ2dsZSI6ZmFsc2V9\"><img decoding=\"async\" src=\"https:\/\/dev.coformon.fr\/ariac\/wp-content\/uploads\/elementor\/thumbs\/aline-b-q928trbyqqwt8tpb3gb0hrhya7lq04np63kjm06880.jpg\" title=\"Aline BLAYAC\" alt=\"Aline BLAYAC\" loading=\"lazy\" \/><\/a><\/figure><div class=\"elementor-image-box-content\"><h3 class=\"elementor-image-box-title\"><a href=\"#elementor-action%3Aaction%3Dpopup%3Aopen%26settings%3DeyJpZCI6IjU3OCIsInRvZ2dsZSI6ZmFsc2V9\">Aline Blayac<\/a><\/h3><\/div><\/div>\t\t<\/div>\n\t\t\t\t<\/div>\n\t\t\t\t\t<\/div>\n\t\t<\/div>\n\t\t\t\t<div class=\"elementor-column elementor-col-20 elementor-inner-column elementor-element elementor-element-0a4f6d9\" data-id=\"0a4f6d9\" data-element_type=\"column\">\n\t\t\t<div class=\"elementor-widget-wrap elementor-element-populated\">\n\t\t\t\t\t\t\t\t<div class=\"elementor-element elementor-element-2f8a14d elementor-position-top elementor-vertical-align-top elementor-widget elementor-widget-image-box\" data-id=\"2f8a14d\" data-element_type=\"widget\" data-widget_type=\"image-box.default\">\n\t\t\t\t<div class=\"elementor-widget-container\">\n\t\t\t<div class=\"elementor-image-box-wrapper\"><figure class=\"elementor-image-box-img\"><a href=\"#elementor-action%3Aaction%3Dpopup%3Aopen%26settings%3DeyJpZCI6IjU4MSIsInRvZ2dsZSI6ZmFsc2V9\"><img decoding=\"async\" src=\"https:\/\/dev.coformon.fr\/ariac\/wp-content\/uploads\/elementor\/thumbs\/magalie-q928trbyqqwt8tpb3gb0hrhya7lq04np63kjm06880.jpg\" title=\"Magalie CORRE\" alt=\"Magalie CORRE\" loading=\"lazy\" \/><\/a><\/figure><div class=\"elementor-image-box-content\"><h3 class=\"elementor-image-box-title\"><a href=\"#elementor-action%3Aaction%3Dpopup%3Aopen%26settings%3DeyJpZCI6IjU4MSIsInRvZ2dsZSI6ZmFsc2V9\">Magalie Corre<\/a><\/h3><\/div><\/div>\t\t<\/div>\n\t\t\t\t<\/div>\n\t\t\t\t\t<\/div>\n\t\t<\/div>\n\t\t\t\t<div class=\"elementor-column elementor-col-20 elementor-inner-column elementor-element elementor-element-141c4c4\" data-id=\"141c4c4\" data-element_type=\"column\">\n\t\t\t<div class=\"elementor-widget-wrap elementor-element-populated\">\n\t\t\t\t\t\t\t\t<div class=\"elementor-element elementor-element-9f69eae elementor-position-top elementor-vertical-align-top elementor-widget elementor-widget-image-box\" data-id=\"9f69eae\" data-element_type=\"widget\" data-widget_type=\"image-box.default\">\n\t\t\t\t<div class=\"elementor-widget-container\">\n\t\t\t<div class=\"elementor-image-box-wrapper\"><figure class=\"elementor-image-box-img\"><a href=\"#elementor-action%3Aaction%3Dpopup%3Aopen%26settings%3DeyJpZCI6IjU2NCIsInRvZ2dsZSI6ZmFsc2V9\"><img decoding=\"async\" src=\"https:\/\/dev.coformon.fr\/ariac\/wp-content\/uploads\/elementor\/thumbs\/fdo-q928trbyqqwt8tpb3gb0hrhya7lq04np63kjm06880.jpg\" title=\"Fr\u00e9d\u00e9ric DO\" alt=\"Fr\u00e9d\u00e9ric DO\" loading=\"lazy\" \/><\/a><\/figure><div class=\"elementor-image-box-content\"><h3 class=\"elementor-image-box-title\"><a href=\"#elementor-action%3Aaction%3Dpopup%3Aopen%26settings%3DeyJpZCI6IjU2NCIsInRvZ2dsZSI6ZmFsc2V9\">Fr\u00e9d\u00e9ric Do<\/a><\/h3><\/div><\/div>\t\t<\/div>\n\t\t\t\t<\/div>\n\t\t\t\t\t<\/div>\n\t\t<\/div>\n\t\t\t\t<div class=\"elementor-column elementor-col-20 elementor-inner-column elementor-element elementor-element-2fd781d\" data-id=\"2fd781d\" data-element_type=\"column\">\n\t\t\t<div class=\"elementor-widget-wrap elementor-element-populated\">\n\t\t\t\t\t\t\t\t<div class=\"elementor-element elementor-element-bcf6a11 elementor-position-top elementor-vertical-align-top elementor-widget elementor-widget-image-box\" data-id=\"bcf6a11\" data-element_type=\"widget\" data-widget_type=\"image-box.default\">\n\t\t\t\t<div class=\"elementor-widget-container\">\n\t\t\t<div class=\"elementor-image-box-wrapper\"><figure class=\"elementor-image-box-img\"><a href=\"#elementor-action%3Aaction%3Dpopup%3Aopen%26settings%3DeyJpZCI6IjU3NSIsInRvZ2dsZSI6ZmFsc2V9\"><img decoding=\"async\" src=\"https:\/\/dev.coformon.fr\/ariac\/wp-content\/uploads\/elementor\/thumbs\/marielaure-q928trbyqqwt8tpb3gb0hrhya7lq04np63kjm06880.jpg\" title=\"Marie Laure FUNK\" alt=\"Marie Laure FUNK\" loading=\"lazy\" \/><\/a><\/figure><div class=\"elementor-image-box-content\"><h3 class=\"elementor-image-box-title\"><a href=\"#elementor-action%3Aaction%3Dpopup%3Aopen%26settings%3DeyJpZCI6IjU3NSIsInRvZ2dsZSI6ZmFsc2V9\">Marie-Laure Funk<\/a><\/h3><\/div><\/div>\t\t<\/div>\n\t\t\t\t<\/div>\n\t\t\t\t\t<\/div>\n\t\t<\/div>\n\t\t\t\t<div class=\"elementor-column elementor-col-20 elementor-inner-column elementor-element elementor-element-0c66f20\" data-id=\"0c66f20\" data-element_type=\"column\">\n\t\t\t<div class=\"elementor-widget-wrap elementor-element-populated\">\n\t\t\t\t\t\t\t\t<div class=\"elementor-element elementor-element-4552dbc elementor-position-top elementor-vertical-align-top elementor-widget elementor-widget-image-box\" data-id=\"4552dbc\" data-element_type=\"widget\" data-widget_type=\"image-box.default\">\n\t\t\t\t<div class=\"elementor-widget-container\">\n\t\t\t<div class=\"elementor-image-box-wrapper\"><figure class=\"elementor-image-box-img\"><a href=\"#elementor-action%3Aaction%3Dpopup%3Aopen%26settings%3DeyJpZCI6IjU4NCIsInRvZ2dsZSI6ZmFsc2V9\"><img decoding=\"async\" src=\"https:\/\/dev.coformon.fr\/ariac\/wp-content\/uploads\/elementor\/thumbs\/Logo1-480-q928trbyqqwt8tpb3gb0hrhya7lq04np63kjm06880.png\" title=\"Logo ARIAC\" alt=\"logo ARIAC\" loading=\"lazy\" \/><\/a><\/figure><div class=\"elementor-image-box-content\"><h3 class=\"elementor-image-box-title\"><a href=\"#elementor-action%3Aaction%3Dpopup%3Aopen%26settings%3DeyJpZCI6IjU4NCIsInRvZ2dsZSI6ZmFsc2V9\">Pauline Varalda<\/a><\/h3><\/div><\/div>\t\t<\/div>\n\t\t\t\t<\/div>\n\t\t\t\t\t<\/div>\n\t\t<\/div>\n\t\t\t\t\t\t\t<\/div>\n\t\t<\/section>\n\t\t\t\t\t<\/div>\n\t\t<\/div>\n\t\t\t\t\t\t\t<\/div>\n\t\t<\/section>\n\t\t\t\t<section class=\"elementor-section elementor-top-section elementor-element elementor-element-15c9b3ff elementor-section-height-min-height elementor-section-boxed elementor-section-height-default elementor-section-items-middle\" data-id=\"15c9b3ff\" data-element_type=\"section\" data-settings=\"{&quot;background_background&quot;:&quot;classic&quot;}\">\n\t\t\t\t\t\t\t<div class=\"elementor-background-overlay\"><\/div>\n\t\t\t\t\t\t\t<div class=\"elementor-container elementor-column-gap-default\">\n\t\t\t\t\t<div class=\"elementor-column elementor-col-100 elementor-top-column elementor-element elementor-element-1751f59a\" data-id=\"1751f59a\" data-element_type=\"column\">\n\t\t\t<div class=\"elementor-widget-wrap elementor-element-populated\">\n\t\t\t\t\t\t\t\t<div class=\"elementor-element elementor-element-4722d906 elementor-widget elementor-widget-heading\" data-id=\"4722d906\" data-element_type=\"widget\" data-widget_type=\"heading.default\">\n\t\t\t\t<div class=\"elementor-widget-container\">\n\t\t\t<h2 class=\"elementor-heading-title elementor-size-default\">Testez et d\u00e9veloppez votre projet avec un statut de salari\u00e9<\/h2>\t\t<\/div>\n\t\t\t\t<\/div>\n\t\t\t\t<div class=\"elementor-element elementor-element-2251b2d elementor-align-center elementor-widget elementor-widget-button\" data-id=\"2251b2d\" data-element_type=\"widget\" data-widget_type=\"button.default\">\n\t\t\t\t<div class=\"elementor-widget-container\">\n\t\t\t\t\t<div class=\"elementor-button-wrapper\">\n\t\t\t<a class=\"elementor-button elementor-button-link elementor-size-md\" href=\"#elementor-action%3Aaction%3Dpopup%3Aopen%26settings%3DeyJpZCI6IjM4MSIsInRvZ2dsZSI6ZmFsc2V9\">\n\t\t\t\t\t\t<span class=\"elementor-button-content-wrapper\">\n\t\t\t\t\t\t<span class=\"elementor-button-icon elementor-align-icon-right\">\n\t\t\t\t<i aria-hidden=\"true\" class=\"fas fa-long-arrow-alt-right\"><\/i>\t\t\t<\/span>\n\t\t\t\t\t\t<span class=\"elementor-button-text\">Contactez-nous<\/span>\n\t\t<\/span>\n\t\t\t\t\t<\/a>\n\t\t<\/div>\n\t\t\t\t<\/div>\n\t\t\t\t<\/div>\n\t\t\t\t\t<\/div>\n\t\t<\/div>\n\t\t\t\t\t\t\t<\/div>\n\t\t<\/section>\n\t\t\t\t\t\t\t<\/div>\n\t\t","protected":false},"excerpt":{"rendered":"<p>Coop\u00e9rative d&#8217;Activit\u00e9 et d&#8217;Emploi ARIAC est une soci\u00e9t\u00e9 coop\u00e9rative d\u2019entrepreneurs, qui offre \u00e0 des porteurs de projet le statut d\u2019entrepreneur-salari\u00e9 souhaitant se d\u00e9velopper et p\u00e9renniser leur activit\u00e9 dans un cadre \u00e0 la fois plus s\u00e9curisant et plus propice \u00e0 l\u2019initiative \u00e9conomique. Le statut commercial lui permet de facturer toutes prestations et ventes. Le statut coop\u00e9ratif [&hellip;]<\/p>\n","protected":false},"author":1,"featured_media":0,"parent":0,"menu_order":0,"comment_status":"closed","ping_status":"closed","template":"","meta":{"footnotes":""},"class_list":["post-744","page","type-page","status-publish","hentry"],"acf":[],"_links":{"self":[{"href":"https:\/\/dev.coformon.fr\/ariac\/wp-json\/wp\/v2\/pages\/744","targetHints":{"allow":["GET"]}}],"collection":[{"href":"https:\/\/dev.coformon.fr\/ariac\/wp-json\/wp\/v2\/pages"}],"about":[{"href":"https:\/\/dev.coformon.fr\/ariac\/wp-json\/wp\/v2\/types\/page"}],"author":[{"embeddable":true,"href":"https:\/\/dev.coformon.fr\/ariac\/wp-json\/wp\/v2\/users\/1"}],"replies":[{"embeddable":true,"href":"https:\/\/dev.coformon.fr\/ariac\/wp-json\/wp\/v2\/comments?post=744"}],"version-history":[{"count":10,"href":"https:\/\/dev.coformon.fr\/ariac\/wp-json\/wp\/v2\/pages\/744\/revisions"}],"predecessor-version":[{"id":1080,"href":"https:\/\/dev.coformon.fr\/ariac\/wp-json\/wp\/v2\/pages\/744\/revisions\/1080"}],"wp:attachment":[{"href":"https:\/\/dev.coformon.fr\/ariac\/wp-json\/wp\/v2\/media?parent=744"}],"curies":[{"name":"wp","href":"https:\/\/api.w.org\/{rel}","templated":true}]}}