{"id":379,"date":"2021-09-15T15:07:36","date_gmt":"2021-09-15T15:07:36","guid":{"rendered":"https:\/\/dev.coformon.fr\/ariac\/?page_id=379"},"modified":"2022-11-28T13:59:34","modified_gmt":"2022-11-28T13:59:34","slug":"mentions-legales","status":"publish","type":"page","link":"https:\/\/dev.coformon.fr\/ariac\/mentions-legales\/","title":{"rendered":"Mentions L\u00e9gales"},"content":{"rendered":"<div id=\"contenu\">\n<div class=\"surlignable\">\n<div class=\"texte entry-content\">\n<h3 class=\"spip\">Editeur<\/h3>\n<p><strong>Ariac<\/strong><br class=\"manualbr\" \/>8, avenue du Lac<br class=\"manualbr\" \/>34800 Clermont l\u2019H\u00e9rault<br class=\"manualbr\" \/>T\u00e9l.\u00a0: 04 67 96 56 64<br class=\"manualbr\" \/>SIRET 434 228 193 00042<\/p>\n<h3 class=\"spip\">H\u00e9bergement<\/h3>\n<p>1&amp;1 Internet SARL<br class=\"manualbr\" \/>7, place de la Gare<br class=\"manualbr\" \/>57200 Sarreguemines<\/p>\n<h3 class=\"spip\">Responsables de la publication<\/h3>\n<p>Ariac<\/p>\n<h3 class=\"spip\">Conception<\/h3>\n<p>Ariac \/ <a class=\"spip_out\" href=\"http:\/\/www.electronslibres.com\" rel=\"external nofollow noopener\" target=\"_blank\">Electrons Libres<\/a><\/p>\n<h3 class=\"spip\">Donn\u00e9es personnelles<\/h3>\n<p>Les donn\u00e9es personnelles collect\u00e9es par ARIAC sont uniquement destin\u00e9es \u00e0 un usage interne. En aucun cas ces donn\u00e9es ne seront c\u00e9d\u00e9es ou vendues \u00e0 des tiers.<\/p>\n<h3 class=\"spip\">Liens<\/h3>\n<p>Les sites reli\u00e9s directement ou indirectement au site, ne sont pas sous son contr\u00f4le. En cons\u00e9quence, ARIAC n\u2019assume aucune responsabilit\u00e9 quant aux informations publi\u00e9es sur ces sites.<\/p>\n<p>Les liens avec des sites ext\u00e9rieurs ne sont fournis qu\u2019\u00e0 titre de commodit\u00e9 et n\u2019impliquent aucune caution quant \u00e0 leur contenu.<\/p>\n<h3 class=\"spip\">Contenus et outils<\/h3>\n<p>ARIAC ne propose aucune garantie quant \u00e0 la fiabilit\u00e9 ou au fonctionnement de ce service. ARIAC ne peut en aucun cas \u00eatre tenu pour responsable de tous dommages quels qu\u2019ils soient, y compris mais non de fa\u00e7on limitative, des dommages directs, indirects, accessoires ou incidents, des pertes de b\u00e9n\u00e9fices ou de l\u2019interruption d\u2019activit\u00e9, r\u00e9sultant de l\u2019utilisation ou de l\u2019impossibilit\u00e9 d\u2019utilisation de ce service.<\/p>\n<h3 class=\"spip\">Reproduction<\/h3>\n<p>Les textes propos\u00e9s sont la propri\u00e9t\u00e9 de leurs auteurs. Les images et illustrations utilis\u00e9es ont \u00e9t\u00e9 fournies par ARIAC et ses partenaires.<\/p>\n<p>Il est interdit de reproduire, repr\u00e9senter, transf\u00e9rer, distribuer, ou d\u2019enregistrer tout ou partie de ces \u00e9l\u00e9ments, sous quelque forme que ce soit, sans l\u2019accord pr\u00e9alable et \u00e9crit d\u2019ARIAC.<\/p>\n<h3 class=\"spip\">Cr\u00e9dits photos<\/h3>\n<ul class=\"spip\">\n<li>\u00e0 venir<\/li>\n<li>Electrons Libres \/ Julien Bonet<\/li>\n<\/ul>\n<h3 class=\"spip\">Vignettes<\/h3>\n<p>Vignettes fournies par <a class=\"spip_out\" href=\"http:\/\/www.thumbshots.com\" rel=\"external nofollow noopener\" target=\"_blank\">Thumbshots thumbnails<\/a><\/p>\n<\/div>\n<\/div>\n<\/div>\n","protected":false},"excerpt":{"rendered":"<p>Editeur Ariac8, avenue du Lac34800 Clermont l\u2019H\u00e9raultT\u00e9l.\u00a0: 04 67 96 56 64SIRET 434 228 193 00042 H\u00e9bergement 1&amp;1 Internet SARL7, place de la Gare57200 Sarreguemines Responsables de la publication Ariac Conception Ariac \/ Electrons Libres Donn\u00e9es personnelles Les donn\u00e9es personnelles collect\u00e9es par ARIAC sont uniquement destin\u00e9es \u00e0 un usage interne. En aucun cas ces donn\u00e9es [&hellip;]<\/p>\n","protected":false},"author":1,"featured_media":0,"parent":0,"menu_order":0,"comment_status":"closed","ping_status":"closed","template":"","meta":{"footnotes":""},"class_list":["post-379","page","type-page","status-publish","hentry"],"acf":[],"_links":{"self":[{"href":"https:\/\/dev.coformon.fr\/ariac\/wp-json\/wp\/v2\/pages\/379","targetHints":{"allow":["GET"]}}],"collection":[{"href":"https:\/\/dev.coformon.fr\/ariac\/wp-json\/wp\/v2\/pages"}],"about":[{"href":"https:\/\/dev.coformon.fr\/ariac\/wp-json\/wp\/v2\/types\/page"}],"author":[{"embeddable":true,"href":"https:\/\/dev.coformon.fr\/ariac\/wp-json\/wp\/v2\/users\/1"}],"replies":[{"embeddable":true,"href":"https:\/\/dev.coformon.fr\/ariac\/wp-json\/wp\/v2\/comments?post=379"}],"version-history":[{"count":2,"href":"https:\/\/dev.coformon.fr\/ariac\/wp-json\/wp\/v2\/pages\/379\/revisions"}],"predecessor-version":[{"id":612,"href":"https:\/\/dev.coformon.fr\/ariac\/wp-json\/wp\/v2\/pages\/379\/revisions\/612"}],"wp:attachment":[{"href":"https:\/\/dev.coformon.fr\/ariac\/wp-json\/wp\/v2\/media?parent=379"}],"curies":[{"name":"wp","href":"https:\/\/api.w.org\/{rel}","templated":true}]}}