{"id":133,"date":"2021-08-26T14:41:10","date_gmt":"2021-08-26T14:41:10","guid":{"rendered":"https:\/\/dev.coformon.fr\/ariac\/home\/"},"modified":"2023-07-07T07:49:34","modified_gmt":"2023-07-07T07:49:34","slug":"accueil","status":"publish","type":"page","link":"https:\/\/dev.coformon.fr\/ariac\/","title":{"rendered":"Accueil"},"content":{"rendered":"\t\t<div data-elementor-type=\"wp-page\" data-elementor-id=\"133\" class=\"elementor elementor-133\" data-elementor-post-type=\"page\">\n\t\t\t\t\t\t\t\t\t<section class=\"elementor-section elementor-top-section elementor-element elementor-element-c8aefb2 elementor-section-height-min-height elementor-section-items-stretch elementor-section-boxed elementor-section-height-default\" data-id=\"c8aefb2\" data-element_type=\"section\" data-settings=\"{&quot;background_background&quot;:&quot;gradient&quot;}\">\n\t\t\t\t\t\t\t<div class=\"elementor-background-overlay\"><\/div>\n\t\t\t\t\t\t\t<div class=\"elementor-container elementor-column-gap-default\">\n\t\t\t\t\t<div class=\"elementor-column elementor-col-50 elementor-top-column elementor-element elementor-element-ee9a50e\" data-id=\"ee9a50e\" data-element_type=\"column\">\n\t\t\t<div class=\"elementor-widget-wrap elementor-element-populated\">\n\t\t\t\t\t\t\t\t<div class=\"elementor-element elementor-element-fa01717 elementor-widget elementor-widget-heading\" data-id=\"fa01717\" data-element_type=\"widget\" data-widget_type=\"heading.default\">\n\t\t\t\t<div class=\"elementor-widget-container\">\n\t\t\t<h1 class=\"elementor-heading-title elementor-size-default\">Coop\u00e9rative d'Activit\u00e9 et d'Emploi<\/h1>\t\t<\/div>\n\t\t\t\t<\/div>\n\t\t\t\t<div class=\"elementor-element elementor-element-29d4795 elementor-widget elementor-widget-heading\" data-id=\"29d4795\" data-element_type=\"widget\" data-widget_type=\"heading.default\">\n\t\t\t\t<div class=\"elementor-widget-container\">\n\t\t\t<p class=\"elementor-heading-title elementor-size-default\">depuis 2001 dans l'H\u00e9rault<\/p>\t\t<\/div>\n\t\t\t\t<\/div>\n\t\t\t\t<div class=\"elementor-element elementor-element-bdf57df elementor--h-position-left elementor--v-position-middle elementor-widget elementor-widget-slides\" data-id=\"bdf57df\" data-element_type=\"widget\" data-settings=\"{&quot;navigation&quot;:&quot;none&quot;,&quot;transition_speed&quot;:200,&quot;autoplay&quot;:&quot;yes&quot;,&quot;pause_on_hover&quot;:&quot;yes&quot;,&quot;pause_on_interaction&quot;:&quot;yes&quot;,&quot;autoplay_speed&quot;:5000,&quot;infinite&quot;:&quot;yes&quot;,&quot;transition&quot;:&quot;slide&quot;}\" data-widget_type=\"slides.default\">\n\t\t\t\t<div class=\"elementor-widget-container\">\n\t\t\t\t\t<div class=\"elementor-swiper\">\n\t\t\t<div class=\"elementor-slides-wrapper elementor-main-swiper swiper-container\" dir=\"ltr\" data-animation=\"fadeInRight\">\n\t\t\t\t<div class=\"swiper-wrapper elementor-slides\">\n\t\t\t\t\t\t\t\t\t\t<div class=\"elementor-repeater-item-35b1a95 swiper-slide\"><div class=\"swiper-slide-bg\" role=\"img\"><\/div><div class=\"swiper-slide-inner\" ><div class=\"swiper-slide-contents\"><div class=\"elementor-slide-description\">Testez et d\u00e9veloppez votre projet avec le statut d'entrepreneur-salari\u00e9\u200b<\/div><\/div><\/div><\/div><div class=\"elementor-repeater-item-0f06030 swiper-slide\"><div class=\"swiper-slide-bg\" role=\"img\"><\/div><div class=\"swiper-slide-inner\" ><div class=\"swiper-slide-contents\"><div class=\"elementor-slide-description\">Consacrez-vous pleinement \u00e0 vos clients en nous confiant la gestion administrative de votre projet<\/div><\/div><\/div><\/div>\t\t\t\t<\/div>\n\t\t\t\t\t\t\t\t\t\t\t\t\t\t\t\t\t\t\t\t\t<\/div>\n\t\t<\/div>\n\t\t\t\t<\/div>\n\t\t\t\t<\/div>\n\t\t\t\t<section class=\"elementor-section elementor-inner-section elementor-element elementor-element-354d3f0 elementor-section-content-middle elementor-section-boxed elementor-section-height-default elementor-section-height-default\" data-id=\"354d3f0\" data-element_type=\"section\">\n\t\t\t\t\t\t<div class=\"elementor-container elementor-column-gap-default\">\n\t\t\t\t\t<div class=\"elementor-column elementor-col-33 elementor-inner-column elementor-element elementor-element-52720a4\" data-id=\"52720a4\" data-element_type=\"column\">\n\t\t\t<div class=\"elementor-widget-wrap elementor-element-populated\">\n\t\t\t\t\t\t\t\t<div class=\"elementor-element elementor-element-73bb301 elementor-widget elementor-widget-heading\" data-id=\"73bb301\" data-element_type=\"widget\" data-widget_type=\"heading.default\">\n\t\t\t\t<div class=\"elementor-widget-container\">\n\t\t\t<h2 class=\"elementor-heading-title elementor-size-default\">En savoir plus sur<\/h2>\t\t<\/div>\n\t\t\t\t<\/div>\n\t\t\t\t\t<\/div>\n\t\t<\/div>\n\t\t\t\t<div class=\"elementor-column elementor-col-33 elementor-inner-column elementor-element elementor-element-b3ea559\" data-id=\"b3ea559\" data-element_type=\"column\">\n\t\t\t<div class=\"elementor-widget-wrap elementor-element-populated\">\n\t\t\t\t\t\t\t\t<div class=\"elementor-element elementor-element-c0e4979 elementor-align-center elementor-widget elementor-widget-button\" data-id=\"c0e4979\" data-element_type=\"widget\" data-widget_type=\"button.default\">\n\t\t\t\t<div class=\"elementor-widget-container\">\n\t\t\t\t\t<div class=\"elementor-button-wrapper\">\n\t\t\t<a class=\"elementor-button elementor-button-link elementor-size-sm\" href=\"https:\/\/dev.coformon.fr\/ariac\/parcours\/\">\n\t\t\t\t\t\t<span class=\"elementor-button-content-wrapper\">\n\t\t\t\t\t\t<span class=\"elementor-button-text\">Le parcours<\/span>\n\t\t<\/span>\n\t\t\t\t\t<\/a>\n\t\t<\/div>\n\t\t\t\t<\/div>\n\t\t\t\t<\/div>\n\t\t\t\t\t<\/div>\n\t\t<\/div>\n\t\t\t\t<div class=\"elementor-column elementor-col-33 elementor-inner-column elementor-element elementor-element-3d00566\" data-id=\"3d00566\" data-element_type=\"column\">\n\t\t\t<div class=\"elementor-widget-wrap elementor-element-populated\">\n\t\t\t\t\t\t\t\t<div class=\"elementor-element elementor-element-0beb95b elementor-align-center elementor-widget elementor-widget-button\" data-id=\"0beb95b\" data-element_type=\"widget\" data-widget_type=\"button.default\">\n\t\t\t\t<div class=\"elementor-widget-container\">\n\t\t\t\t\t<div class=\"elementor-button-wrapper\">\n\t\t\t<a class=\"elementor-button elementor-button-link elementor-size-sm\" href=\"https:\/\/dev.coformon.fr\/ariac\/cae\/\">\n\t\t\t\t\t\t<span class=\"elementor-button-content-wrapper\">\n\t\t\t\t\t\t<span class=\"elementor-button-text\">La coop\u00e9rative<\/span>\n\t\t<\/span>\n\t\t\t\t\t<\/a>\n\t\t<\/div>\n\t\t\t\t<\/div>\n\t\t\t\t<\/div>\n\t\t\t\t\t<\/div>\n\t\t<\/div>\n\t\t\t\t\t\t\t<\/div>\n\t\t<\/section>\n\t\t\t\t\t<\/div>\n\t\t<\/div>\n\t\t\t\t<div class=\"elementor-column elementor-col-50 elementor-top-column elementor-element elementor-element-78c1783\" data-id=\"78c1783\" data-element_type=\"column\">\n\t\t\t<div class=\"elementor-widget-wrap elementor-element-populated\">\n\t\t\t\t\t\t\t\t<div class=\"elementor-element elementor-element-1f18428 elementor-widget elementor-widget-text-editor\" data-id=\"1f18428\" data-element_type=\"widget\" id=\"activites\" data-widget_type=\"text-editor.default\">\n\t\t\t\t<div class=\"elementor-widget-container\">\n\t\t\t\t\t\t\t<div class=\"list\"><a href=\"https:\/\/dev.coformon.fr\/ariac\/activite\/alimentation-2\"><img loading=\"lazy\" decoding=\"async\" class=\"alignnone wp-image-663 size-thumbnail aligncenter\" title=\"Alimentation\" src=\"https:\/\/dev.coformon.fr\/ariac\/wp-content\/uploads\/2022\/11\/alimentation-150x150.jpg\" alt=\"\" width=\"150\" height=\"150\" srcset=\"https:\/\/dev.coformon.fr\/ariac\/wp-content\/uploads\/2022\/11\/alimentation-150x150.jpg 150w, https:\/\/dev.coformon.fr\/ariac\/wp-content\/uploads\/2022\/11\/alimentation-500x500.jpg 500w\" sizes=\"auto, (max-width: 150px) 100vw, 150px\" \/><\/a> <a href=\"https:\/\/dev.coformon.fr\/ariac\/activite\/multimedia-informatique\"><img loading=\"lazy\" decoding=\"async\" class=\"alignnone wp-image-662 size-thumbnail\" title=\"Multim\u00e9dia - Informatique\" src=\"https:\/\/dev.coformon.fr\/ariac\/wp-content\/uploads\/2022\/11\/multimedia-150x150.jpg\" alt=\"\" width=\"150\" height=\"150\" srcset=\"https:\/\/dev.coformon.fr\/ariac\/wp-content\/uploads\/2022\/11\/multimedia-150x150.jpg 150w, https:\/\/dev.coformon.fr\/ariac\/wp-content\/uploads\/2022\/11\/multimedia-500x500.jpg 500w\" sizes=\"auto, (max-width: 150px) 100vw, 150px\" \/><\/a> <a href=\"https:\/\/dev.coformon.fr\/ariac\/activite\/artisanat-dart\"><img loading=\"lazy\" decoding=\"async\" class=\"alignnone wp-image-646 size-thumbnail\" title=\"Artisanat d'art\" src=\"https:\/\/dev.coformon.fr\/ariac\/wp-content\/uploads\/2022\/11\/artisanat-art-150x150.jpg\" alt=\"\" width=\"150\" height=\"150\" srcset=\"https:\/\/dev.coformon.fr\/ariac\/wp-content\/uploads\/2022\/11\/artisanat-art-150x150.jpg 150w, https:\/\/dev.coformon.fr\/ariac\/wp-content\/uploads\/2022\/11\/artisanat-art-500x500.jpg 500w\" sizes=\"auto, (max-width: 150px) 100vw, 150px\" \/><\/a><a href=\"https:\/\/dev.coformon.fr\/ariac\/activite\/second-oeuvre\"><img loading=\"lazy\" decoding=\"async\" class=\"alignnone wp-image-644 size-thumbnail\" title=\"Second Oeuvre\" src=\"https:\/\/dev.coformon.fr\/ariac\/wp-content\/uploads\/2022\/11\/second-oeuvre-150x150.jpg\" alt=\"\" width=\"150\" height=\"150\" srcset=\"https:\/\/dev.coformon.fr\/ariac\/wp-content\/uploads\/2022\/11\/second-oeuvre-150x150.jpg 150w, https:\/\/dev.coformon.fr\/ariac\/wp-content\/uploads\/2022\/11\/second-oeuvre-500x500.jpg 500w\" sizes=\"auto, (max-width: 150px) 100vw, 150px\" \/><\/a> <a href=\"https:\/\/dev.coformon.fr\/ariac\/activite\/commerce\"><img loading=\"lazy\" decoding=\"async\" class=\"alignnone wp-image-640 size-thumbnail\" title=\"Commerce\" src=\"https:\/\/dev.coformon.fr\/ariac\/wp-content\/uploads\/2022\/11\/commerce-150x150.jpg\" alt=\"\" width=\"150\" height=\"150\" srcset=\"https:\/\/dev.coformon.fr\/ariac\/wp-content\/uploads\/2022\/11\/commerce-150x150.jpg 150w, https:\/\/dev.coformon.fr\/ariac\/wp-content\/uploads\/2022\/11\/commerce-500x500.jpg 500w\" sizes=\"auto, (max-width: 150px) 100vw, 150px\" \/><\/a> <a href=\"https:\/\/dev.coformon.fr\/ariac\/activite\/consultants-formation\"><img loading=\"lazy\" decoding=\"async\" class=\"alignnone wp-image-638 size-thumbnail\" title=\"Consultants - Formation\" src=\"https:\/\/dev.coformon.fr\/ariac\/wp-content\/uploads\/2022\/11\/formation-150x150.jpg\" alt=\"\" width=\"150\" height=\"150\" srcset=\"https:\/\/dev.coformon.fr\/ariac\/wp-content\/uploads\/2022\/11\/formation-150x150.jpg 150w, https:\/\/dev.coformon.fr\/ariac\/wp-content\/uploads\/2022\/11\/formation-500x500.jpg 500w\" sizes=\"auto, (max-width: 150px) 100vw, 150px\" \/><\/a> <a href=\"https:\/\/dev.coformon.fr\/ariac\/activite\/culture-sports-loisirs\"><img loading=\"lazy\" decoding=\"async\" class=\"alignnone wp-image-636 size-thumbnail\" title=\"Culture - Sport - Loisirs\" src=\"https:\/\/dev.coformon.fr\/ariac\/wp-content\/uploads\/2022\/11\/culture-150x150.jpg\" alt=\"\" width=\"150\" height=\"150\" srcset=\"https:\/\/dev.coformon.fr\/ariac\/wp-content\/uploads\/2022\/11\/culture-150x150.jpg 150w, https:\/\/dev.coformon.fr\/ariac\/wp-content\/uploads\/2022\/11\/culture-500x500.jpg 500w\" sizes=\"auto, (max-width: 150px) 100vw, 150px\" \/><\/a><a href=\"https:\/\/dev.coformon.fr\/ariac\/activite\/environnement-espaces-verts\"><img loading=\"lazy\" decoding=\"async\" class=\"alignnone wp-image-634 size-thumbnail\" title=\"Environnement - Espaces verts\" src=\"https:\/\/dev.coformon.fr\/ariac\/wp-content\/uploads\/2022\/11\/espaces-verts-150x150.jpg\" alt=\"\" width=\"150\" height=\"150\" srcset=\"https:\/\/dev.coformon.fr\/ariac\/wp-content\/uploads\/2022\/11\/espaces-verts-150x150.jpg 150w, https:\/\/dev.coformon.fr\/ariac\/wp-content\/uploads\/2022\/11\/espaces-verts-500x500.jpg 500w\" sizes=\"auto, (max-width: 150px) 100vw, 150px\" \/><\/a> <a href=\"https:\/\/dev.coformon.fr\/ariac\/activite\/bien-etre-services-aux-particuliers\"><img loading=\"lazy\" decoding=\"async\" class=\"alignnone wp-image-632 size-thumbnail\" title=\"Bien-\u00eatre - Services aux particuliers\" src=\"https:\/\/dev.coformon.fr\/ariac\/wp-content\/uploads\/2022\/11\/bien-etre-150x150.jpg\" alt=\"\" width=\"150\" height=\"150\" srcset=\"https:\/\/dev.coformon.fr\/ariac\/wp-content\/uploads\/2022\/11\/bien-etre-150x150.jpg 150w, https:\/\/dev.coformon.fr\/ariac\/wp-content\/uploads\/2022\/11\/bien-etre-500x500.jpg 500w\" sizes=\"auto, (max-width: 150px) 100vw, 150px\" \/><\/a><\/div>\t\t\t\t\t\t<\/div>\n\t\t\t\t<\/div>\n\t\t\t\t<div class=\"elementor-element elementor-element-5cdf111b elementor-widget elementor-widget-counter\" data-id=\"5cdf111b\" data-element_type=\"widget\" data-widget_type=\"counter.default\">\n\t\t\t\t<div class=\"elementor-widget-container\">\n\t\t\t\t\t<div class=\"elementor-counter\">\n\t\t\t<div class=\"elementor-counter-number-wrapper\">\n\t\t\t\t<span class=\"elementor-counter-number-prefix\"><\/span>\n\t\t\t\t<span class=\"elementor-counter-number\" data-duration=\"2000\" data-to-value=\"397\" data-from-value=\"0\" data-delimiter=\",\">0<\/span>\n\t\t\t\t<span class=\"elementor-counter-number-suffix\"><\/span>\n\t\t\t<\/div>\n\t\t\t\t\t\t\t<div class=\"elementor-counter-title\">Entrepreneurs-salari\u00e9s<\/div>\n\t\t\t\t\t<\/div>\n\t\t\t\t<\/div>\n\t\t\t\t<\/div>\n\t\t\t\t\t<\/div>\n\t\t<\/div>\n\t\t\t\t\t\t\t<\/div>\n\t\t<\/section>\n\t\t\t\t<section class=\"elementor-section elementor-top-section elementor-element elementor-element-321e36f7 elementor-section-boxed elementor-section-height-default elementor-section-height-default\" data-id=\"321e36f7\" data-element_type=\"section\">\n\t\t\t\t\t\t<div class=\"elementor-container elementor-column-gap-default\">\n\t\t\t\t\t<div class=\"elementor-column elementor-col-100 elementor-top-column elementor-element elementor-element-355ee976\" data-id=\"355ee976\" data-element_type=\"column\">\n\t\t\t<div class=\"elementor-widget-wrap elementor-element-populated\">\n\t\t\t\t\t\t\t\t<div class=\"elementor-element elementor-element-3b495af elementor-widget elementor-widget-text-editor\" data-id=\"3b495af\" data-element_type=\"widget\" data-widget_type=\"text-editor.default\">\n\t\t\t\t<div class=\"elementor-widget-container\">\n\t\t\t\t\t\t\t<p>Bienvenue sur le nouveau site d&#8217;ARIAC o\u00f9 vous trouverez toutes les informations sur le fonctionnement de notre coop\u00e9rative.<\/p>\n<p><span style=\"color: var( --e-global-color-e7c5d7a ); font-family: var( --e-global-typography-text-font-family ), Sans-serif; font-size: var( --e-global-typography-text-font-size ); font-weight: var( --e-global-typography-text-font-weight ); background-color: var( --e-global-color-17794e9 );\">Profitez d&#8217;une exp\u00e9rience de navigation agr\u00e9able et restez \u00e0 l&#8217;aff\u00fbt, de nouvelles fonctionnalit\u00e9s seront bient\u00f4t <\/span><span style=\"color: var( --e-global-color-e7c5d7a ); font-family: var( --e-global-typography-text-font-family ), Sans-serif; font-size: var( --e-global-typography-text-font-size ); background-color: var( --e-global-color-17794e9 );\">ajout\u00e9es<\/span><span style=\"color: var( --e-global-color-e7c5d7a ); font-family: var( --e-global-typography-text-font-family ), Sans-serif; font-size: var( --e-global-typography-text-font-size ); font-weight: var( --e-global-typography-text-font-weight ); background-color: var( --e-global-color-17794e9 );\">. Bonne exploration !<\/span><br><\/p>\t\t\t\t\t\t<\/div>\n\t\t\t\t<\/div>\n\t\t\t\t<div class=\"elementor-element elementor-element-77fc234 elementor-widget elementor-widget-html\" data-id=\"77fc234\" data-element_type=\"widget\" data-widget_type=\"html.default\">\n\t\t\t\t<div class=\"elementor-widget-container\">\n\t\t\t<script type=\"text\/javascript\">\nwindow.addEventListener('load', function(){\n    let f=document.getElementById('activites').getElementsByTagName('a');\n    for (let i=0; i < f.length; i++){\n        f[i].classList.add('nolink'); \n    }\n}\n    );\n<\/script>\t\t<\/div>\n\t\t\t\t<\/div>\n\t\t\t\t\t<\/div>\n\t\t<\/div>\n\t\t\t\t\t\t\t<\/div>\n\t\t<\/section>\n\t\t\t\t\t\t\t<\/div>\n\t\t","protected":false},"excerpt":{"rendered":"<p>Coop\u00e9rative d&#8217;Activit\u00e9 et d&#8217;Emploi depuis 2001 dans l&#8217;H\u00e9rault Testez et d\u00e9veloppez votre projet avec le statut d&#8217;entrepreneur-salari\u00e9\u200bConsacrez-vous pleinement \u00e0 vos clients en nous confiant la gestion administrative de votre projet En savoir plus sur Le parcours La coop\u00e9rative 0 Entrepreneurs-salari\u00e9s Bienvenue sur le nouveau site d&#8217;ARIAC o\u00f9 vous trouverez toutes les informations sur le fonctionnement [&hellip;]<\/p>\n","protected":false},"author":1,"featured_media":0,"parent":0,"menu_order":0,"comment_status":"closed","ping_status":"closed","template":"","meta":{"footnotes":""},"class_list":["post-133","page","type-page","status-publish","hentry"],"acf":[],"_links":{"self":[{"href":"https:\/\/dev.coformon.fr\/ariac\/wp-json\/wp\/v2\/pages\/133","targetHints":{"allow":["GET"]}}],"collection":[{"href":"https:\/\/dev.coformon.fr\/ariac\/wp-json\/wp\/v2\/pages"}],"about":[{"href":"https:\/\/dev.coformon.fr\/ariac\/wp-json\/wp\/v2\/types\/page"}],"author":[{"embeddable":true,"href":"https:\/\/dev.coformon.fr\/ariac\/wp-json\/wp\/v2\/users\/1"}],"replies":[{"embeddable":true,"href":"https:\/\/dev.coformon.fr\/ariac\/wp-json\/wp\/v2\/comments?post=133"}],"version-history":[{"count":10,"href":"https:\/\/dev.coformon.fr\/ariac\/wp-json\/wp\/v2\/pages\/133\/revisions"}],"predecessor-version":[{"id":1073,"href":"https:\/\/dev.coformon.fr\/ariac\/wp-json\/wp\/v2\/pages\/133\/revisions\/1073"}],"wp:attachment":[{"href":"https:\/\/dev.coformon.fr\/ariac\/wp-json\/wp\/v2\/media?parent=133"}],"curies":[{"name":"wp","href":"https:\/\/api.w.org\/{rel}","templated":true}]}}